{"id":1275,"date":"2025-08-08T12:16:25","date_gmt":"2025-08-08T10:16:25","guid":{"rendered":"https:\/\/www.craftview.de\/impressum\/"},"modified":"2025-09-15T09:28:48","modified_gmt":"2025-09-15T07:28:48","slug":"impressum","status":"publish","type":"page","link":"https:\/\/www.craftview.de\/de\/impressum\/","title":{"rendered":"Impressum"},"content":{"rendered":"\n<h2 class=\"wp-block-heading\"><strong><strong>Impressum<\/strong><\/strong><\/h2>\n\n<p><strong>Firmenname: <\/strong>Craftview Software GmbH<\/p>\n\n<p><strong>Firmensitz:<\/strong> Mainzer Landstr.178-190, D-60327 Frankfurt a. Main Deutschland <\/p>\n\n<p><strong>E-Mail:<\/strong> <a>info@craftview.de<\/a><\/p>\n\n<p><strong>Gesch\u00e4ftsf\u00fchrer:<\/strong> Dr. Andr\u00e9 Rasquin, Christian Mieth<\/p>\n\n<p><strong>Registernummer: <\/strong>HRB 118157 <strong>Registergericht:<\/strong> Amtsgericht Frankfurt am Main<\/p>\n\n<p><strong>USTID:<\/strong> DE339640935<\/p>\n\n<p><strong>Redaktionelle Verantwortung<\/strong><br\/>Inhaltlich verantwortlich (gem\u00e4\u00df \u00a7 5 DDG): Dr. Andr\u00e9 Rasquin<br\/>Inhaltlich verantwortlich f\u00fcr die Website gem\u00e4\u00df \u00a7 55 Abs. 2 RStV:<br\/>Herr Dr. Andr\u00e9 Rasquin und Herr Johann Beenen-Hawranek, Emmericher Weg 12, 47574 Goch<\/p>\n\n<p><strong>Telefon:<\/strong> +49 2823 4256-0 (Zentrale)<\/p>\n\n<p><\/p>\n","protected":false},"excerpt":{"rendered":"<p>Impressum Firmenname: Craftview Software GmbH Firmensitz: Mainzer Landstr.178-190, D-60327 Frankfurt a. Main Deutschland E-Mail: info@craftview.de Gesch\u00e4ftsf\u00fchrer: Dr. Andr\u00e9 Rasquin, Christian Mieth Registernummer: HRB 118157 Registergericht: Amtsgericht Frankfurt am Main USTID: DE339640935 Redaktionelle VerantwortungInhaltlich verantwortlich (gem\u00e4\u00df \u00a7 5 DDG): Dr. Andr\u00e9 RasquinInhaltlich verantwortlich f\u00fcr die Website gem\u00e4\u00df \u00a7 55 Abs. 2 RStV:Herr Dr. Andr\u00e9 Rasquin und [&hellip;]<\/p>\n","protected":false},"author":1,"featured_media":0,"parent":0,"menu_order":0,"comment_status":"closed","ping_status":"closed","template":"","meta":{"_acf_changed":false,"footnotes":""},"class_list":["post-1275","page","type-page","status-publish",""],"acf":[],"yoast_head":"<!-- This site is optimized with the Yoast SEO plugin v26.7 - https:\/\/yoast.com\/wordpress\/plugins\/seo\/ -->\n<title>Impressum - Craftview<\/title>\n<meta name=\"robots\" content=\"index, follow, max-snippet:-1, max-image-preview:large, max-video-preview:-1\" \/>\n<link rel=\"canonical\" href=\"https:\/\/www.craftview.de\/de\/impressum\/\" \/>\n<meta property=\"og:locale\" content=\"de_DE\" \/>\n<meta property=\"og:type\" content=\"article\" \/>\n<meta property=\"og:title\" content=\"Impressum - Craftview\" \/>\n<meta property=\"og:description\" content=\"Impressum Firmenname: Craftview Software GmbH Firmensitz: Mainzer Landstr.178-190, D-60327 Frankfurt a. Main Deutschland E-Mail: info@craftview.de Gesch\u00e4ftsf\u00fchrer: Dr. Andr\u00e9 Rasquin, Christian Mieth Registernummer: HRB 118157 Registergericht: Amtsgericht Frankfurt am Main USTID: DE339640935 Redaktionelle VerantwortungInhaltlich verantwortlich (gem\u00e4\u00df \u00a7 5 DDG): Dr. Andr\u00e9 RasquinInhaltlich verantwortlich f\u00fcr die Website gem\u00e4\u00df \u00a7 55 Abs. 2 RStV:Herr Dr. Andr\u00e9 Rasquin und [&hellip;]\" \/>\n<meta property=\"og:url\" content=\"https:\/\/www.craftview.de\/de\/impressum\/\" \/>\n<meta property=\"og:site_name\" content=\"Craftview\" \/>\n<meta property=\"article:modified_time\" content=\"2025-09-15T07:28:48+00:00\" \/>\n<meta name=\"twitter:card\" content=\"summary_large_image\" \/>\n<script type=\"application\/ld+json\" class=\"yoast-schema-graph\">{\"@context\":\"https:\/\/schema.org\",\"@graph\":[{\"@type\":\"WebPage\",\"@id\":\"https:\/\/www.craftview.de\/de\/impressum\/\",\"url\":\"https:\/\/www.craftview.de\/de\/impressum\/\",\"name\":\"Impressum - Craftview\",\"isPartOf\":{\"@id\":\"https:\/\/www.craftview.de\/nl\/#website\"},\"datePublished\":\"2025-08-08T10:16:25+00:00\",\"dateModified\":\"2025-09-15T07:28:48+00:00\",\"breadcrumb\":{\"@id\":\"https:\/\/www.craftview.de\/de\/impressum\/#breadcrumb\"},\"inLanguage\":\"de\",\"potentialAction\":[{\"@type\":\"ReadAction\",\"target\":[\"https:\/\/www.craftview.de\/de\/impressum\/\"]}]},{\"@type\":\"BreadcrumbList\",\"@id\":\"https:\/\/www.craftview.de\/de\/impressum\/#breadcrumb\",\"itemListElement\":[{\"@type\":\"ListItem\",\"position\":1,\"name\":\"Home\",\"item\":\"https:\/\/www.craftview.de\/de\/\"},{\"@type\":\"ListItem\",\"position\":2,\"name\":\"Impressum\"}]},{\"@type\":\"WebSite\",\"@id\":\"https:\/\/www.craftview.de\/nl\/#website\",\"url\":\"https:\/\/www.craftview.de\/nl\/\",\"name\":\"Craftview\",\"description\":\"\",\"potentialAction\":[{\"@type\":\"SearchAction\",\"target\":{\"@type\":\"EntryPoint\",\"urlTemplate\":\"https:\/\/www.craftview.de\/nl\/?s={search_term_string}\"},\"query-input\":{\"@type\":\"PropertyValueSpecification\",\"valueRequired\":true,\"valueName\":\"search_term_string\"}}],\"inLanguage\":\"de\"}]}<\/script>\n<!-- \/ Yoast SEO plugin. -->","yoast_head_json":{"title":"Impressum - Craftview","robots":{"index":"index","follow":"follow","max-snippet":"max-snippet:-1","max-image-preview":"max-image-preview:large","max-video-preview":"max-video-preview:-1"},"canonical":"https:\/\/www.craftview.de\/de\/impressum\/","og_locale":"de_DE","og_type":"article","og_title":"Impressum - Craftview","og_description":"Impressum Firmenname: Craftview Software GmbH Firmensitz: Mainzer Landstr.178-190, D-60327 Frankfurt a. Main Deutschland E-Mail: info@craftview.de Gesch\u00e4ftsf\u00fchrer: Dr. Andr\u00e9 Rasquin, Christian Mieth Registernummer: HRB 118157 Registergericht: Amtsgericht Frankfurt am Main USTID: DE339640935 Redaktionelle VerantwortungInhaltlich verantwortlich (gem\u00e4\u00df \u00a7 5 DDG): Dr. Andr\u00e9 RasquinInhaltlich verantwortlich f\u00fcr die Website gem\u00e4\u00df \u00a7 55 Abs. 2 RStV:Herr Dr. Andr\u00e9 Rasquin und [&hellip;]","og_url":"https:\/\/www.craftview.de\/de\/impressum\/","og_site_name":"Craftview","article_modified_time":"2025-09-15T07:28:48+00:00","twitter_card":"summary_large_image","schema":{"@context":"https:\/\/schema.org","@graph":[{"@type":"WebPage","@id":"https:\/\/www.craftview.de\/de\/impressum\/","url":"https:\/\/www.craftview.de\/de\/impressum\/","name":"Impressum - Craftview","isPartOf":{"@id":"https:\/\/www.craftview.de\/nl\/#website"},"datePublished":"2025-08-08T10:16:25+00:00","dateModified":"2025-09-15T07:28:48+00:00","breadcrumb":{"@id":"https:\/\/www.craftview.de\/de\/impressum\/#breadcrumb"},"inLanguage":"de","potentialAction":[{"@type":"ReadAction","target":["https:\/\/www.craftview.de\/de\/impressum\/"]}]},{"@type":"BreadcrumbList","@id":"https:\/\/www.craftview.de\/de\/impressum\/#breadcrumb","itemListElement":[{"@type":"ListItem","position":1,"name":"Home","item":"https:\/\/www.craftview.de\/de\/"},{"@type":"ListItem","position":2,"name":"Impressum"}]},{"@type":"WebSite","@id":"https:\/\/www.craftview.de\/nl\/#website","url":"https:\/\/www.craftview.de\/nl\/","name":"Craftview","description":"","potentialAction":[{"@type":"SearchAction","target":{"@type":"EntryPoint","urlTemplate":"https:\/\/www.craftview.de\/nl\/?s={search_term_string}"},"query-input":{"@type":"PropertyValueSpecification","valueRequired":true,"valueName":"search_term_string"}}],"inLanguage":"de"}]}},"_links":{"self":[{"href":"https:\/\/www.craftview.de\/de\/wp-json\/wp\/v2\/pages\/1275","targetHints":{"allow":["GET"]}}],"collection":[{"href":"https:\/\/www.craftview.de\/de\/wp-json\/wp\/v2\/pages"}],"about":[{"href":"https:\/\/www.craftview.de\/de\/wp-json\/wp\/v2\/types\/page"}],"author":[{"embeddable":true,"href":"https:\/\/www.craftview.de\/de\/wp-json\/wp\/v2\/users\/1"}],"replies":[{"embeddable":true,"href":"https:\/\/www.craftview.de\/de\/wp-json\/wp\/v2\/comments?post=1275"}],"version-history":[{"count":10,"href":"https:\/\/www.craftview.de\/de\/wp-json\/wp\/v2\/pages\/1275\/revisions"}],"predecessor-version":[{"id":1424,"href":"https:\/\/www.craftview.de\/de\/wp-json\/wp\/v2\/pages\/1275\/revisions\/1424"}],"wp:attachment":[{"href":"https:\/\/www.craftview.de\/de\/wp-json\/wp\/v2\/media?parent=1275"}],"curies":[{"name":"wp","href":"https:\/\/api.w.org\/{rel}","templated":true}]}}