{"id":1279,"date":"2025-08-08T12:17:03","date_gmt":"2025-08-08T10:17:03","guid":{"rendered":"https:\/\/www.craftview.de\/zusaetzliche-datenschutzhinweise\/"},"modified":"2025-09-15T09:27:52","modified_gmt":"2025-09-15T07:27:52","slug":"zusaetzliche-datenschutzhinweise","status":"publish","type":"page","link":"https:\/\/www.craftview.de\/de\/zusaetzliche-datenschutzhinweise\/","title":{"rendered":"Zus\u00e4tzliche Datenschutzhinweise"},"content":{"rendered":"\n<h2 class=\"wp-block-heading\"><strong>I. Allgemeines<\/strong><\/h2>\n\n<p>Der Schutz von personenbezogenen Daten hat f\u00fcr die Craftview Software GmbH einen besonderen Stellenwert. Daher verarbeitet die Craftview Software GmbH personenbezogene Daten nur im Einklang mit den geltenden rechtlichen Bestimmungen und stellt technisch und organisatorisch die Einhaltung der Datenschutzvorschriften sicher.<br\/>Die folgenden Informationen geben einen \u00dcberblick \u00fcber den Umgang mit Daten und die Rechte der Betroffenen, die sich ab dem 25.05.2018 aus der Europ\u00e4ischen Datenschutz-Grundverordnung (DS-GVO) ergeben. <\/p>\n\n<p>Informationen gem\u00e4\u00df Art. 13 (Datenerhebung direkt bei der betroffenen Person) und Art. 14 (Datenerhebung bei Dritten) der Datenschutz-Grundverordnung (DS-GVO)<\/p>\n\n<p>Im Zusammenhang mit Erbringung unserer Dienstleistungen sowie im Rahmen der hierzu erforderlichen Besch\u00e4ftigungsverh\u00e4ltnisse werden personenbezogene Daten erhoben. Bitte beachten Sie hierzu nachstehende Datenschutzhinweise: <\/p>\n\n<p><strong>1. Angaben zur Verantwortlichen Stelle:<\/strong><br\/>Verantwortlich f\u00fcr die Datenerhebung ist:<\/p>\n\n<p>Craftview Software GmbH<br\/>Mainzer Landstr.178-190, D-60327 Frankfurt a. Main, Germany<br\/>Telefon: 02823-4256 \u2013 0 Fax: 02823-4256 \u2013 999<br\/>E-Mail: <a>info@craftview.de<\/a><br\/>Website: <a href=\"http:\/\/www.craftview.de\">www.craftview.de<\/a><br\/>Managing Director: Dr. Andr\u00e9 Rasquin <\/p>\n\n<p><strong>2. Angaben zum Datenschutzbeauftragten:<\/strong><br\/>Unseren externen Datenschutzbeauftragten erreichen Sie unter:<\/p>\n\n<p>Externer Datenschutzbeauftragter Benjamin Spallek Creditreform Compliance Services GmbH Hammfelddamm 13 D \u2013 41460 Neuss Tel.: 02131 \/ 1091072 E-Mail: <a>datenschutz-extern@craftview.de<\/a><\/p>\n\n<p><strong>3. Angaben zur Aufsichtsbeh\u00f6rde<\/strong><br\/>Zust\u00e4ndige Aufsichtsbeh\u00f6rde f\u00fcr den Datenschutz ist:<\/p>\n\n<p>Landesbeauftragte f\u00fcr Datenschutz- und Informationsfreiheit Nordrhein-Westfalen, Kavalleriestr. 2-4, 40213 D\u00fcsseldorf Telefon: 0221 \/ 38424-0 Telefax: 0211 \/ 38424-10 E-Mail: <a>poststelle@ldi.nrw.de<\/a> <\/p>\n\n<p><strong>4. Zwecke und Rechtsgrundlagen der Verarbeitung<\/strong><\/p>\n\n<p>Rechtsgrundlagen f\u00fcr die Verarbeitung der Daten sind:<\/p>\n\n<ul class=\"wp-block-list\">\n<li><strong>Verarbeitung f\u00fcr die Erf\u00fcllung von Vertr\u00e4gen<\/strong>, die mit der Craftview Software GmbH geschlossen werden gem. Art 6 Abs. 1 Buchst. b DS-GVO<br\/>Sofern personenbezogene Daten zur Durchf\u00fchrung vorvertraglicher Ma\u00dfnahmen oder auf Grundlage eines Vertrages erhoben und verarbeitet werden, werden diese Daten f\u00fcr den Abschluss des Vertrages, die Durchf\u00fchrung des Vertragsverh\u00e4ltnisses sowie ggfls. dessen Beendigung verwendet. Dazu geh\u00f6rt z.B. auch die Datenverarbeitung im Rahmen von Besch\u00e4ftigungsverh\u00e4ltnissen gem. \u00a7 26 BDSG.  <\/li>\n\n\n\n<li><strong>Verarbeitung zur Wahrung der berechtigten Interessen<\/strong> gem. Art. 6 Abs. 1 Buchst. f DS-GVO<br\/>Es kann vorkommen, dass Daten verarbeitet werden, um berechtigte Unternehmensinteressen der Craftview Software GmbH oder ggf. die von Dritten zu wahren. Dies kann z.B. erforderlich sein zur Gew\u00e4hrleistung der IT-Sicherheit und des IT-Betriebs, zur Aktualisierung von Adressdaten von Kunden und Vertragspartnern, zur Verhinderung und Aufkl\u00e4rung von Straftaten\/ Ordnungswidrigkeiten, zur Sicherung des Hausrechts, um unseren Kunden einen nachvertraglichen Service bieten zu k\u00f6nnen, oder f\u00fcr Zwecke der Direktwerbung an eigene Kunden bei Vorliegen weiterer Voraussetzungen.  <\/li>\n\n\n\n<li><strong>Verarbeitung aufgrund einer Einwilligung<\/strong>, Art. 6 Abs. 1 Buchst. a DS-GVO<br\/>Soweit die betroffene Person der Craftview Software GmbH eine Einwilligung f\u00fcr die Datenverarbeitung f\u00fcr bestimmte Zwecke erteilt hat, d\u00fcrfen diese personenbezogenen Daten entsprechend dem Umfang der Einwilligung rechtm\u00e4\u00dfig verwendet werden. <\/li>\n\n\n\n<li><strong>Verarbeitung zur Erf\u00fcllung rechtlicher Verpflichtungen<\/strong>, Art. 6 Abs. 1 Buchst. c DS-GVO<br\/>Die Datenverarbeitung kann letztlich zur Erf\u00fcllung rechtlicher Pflichten, insbesondere von Aufbewahrungspflichten nach dem Handelsgesetzbuch und der Abgabenordnung, erforderlich sein <\/li>\n\n\n\n<li>Sofern wir besondere <strong>Kategorien von personenbezogenen Daten<\/strong> verarbeiten, ist die Rechtgrundlage hierf\u00fcr Art. 9 Abs. 2 und 4 DS-GVO ggf. i.V.m. \u00a7 22 BDSG.<\/li>\n<\/ul>\n\n<p><strong>5. Datenkategorien, die wir bei Dritten erheben<\/strong><br\/>Wir verarbeiten die folgenden Kategorien von personenbezogenen Daten, die wir von Dritten erhalten:<\/p>\n\n<ul class=\"wp-block-list\">\n<li>Kontaktdaten von Interessenten (Name, Adresse, E-Mail, Telefon)<\/li>\n\n\n\n<li>Bonit\u00e4tsinformationen<\/li>\n<\/ul>\n\n<p><strong>6. Quellen (Dritte) von denen die personenbezogenen Daten bezogen werden<\/strong><br\/>Die Craftview Software GmbH verarbeitet personenbezogene Daten, soweit diese Daten von den betroffenen Personen selbst (z.B. Kunden, Besch\u00e4ftigten) oder ggf. von Dritten zur Verf\u00fcgung gestellt bzw. \u00fcbermittelt wurden.<br\/>Sofern die Craftview Software GmbH personenbezogene Daten von Dritten erh\u00e4lt, handelt es sich insbesondere um die folgenden Stellen:<\/p>\n\n<ul class=\"wp-block-list\">\n<li>Wirtschaftsauskunfteien<\/li>\n\n\n\n<li>Handelsvertreter (Fachhandelspartner)<\/li>\n\n\n\n<li>Gesch\u00e4ftspartner im Rahmen der Erf\u00fcllung von vertraglichen Leistungen<\/li>\n<\/ul>\n\n<p><strong>7. Empf\u00e4nger oder Kategorien von Empf\u00e4ngern der personenbezogenen Daten<\/strong><br\/>Bei der Craftview Software GmbH erhalten diejenigen Personen Zugriff auf personenbezogene Daten, die diese zur jeweiligen rechtm\u00e4\u00dfigen Aufgabenerf\u00fcllung ben\u00f6tigen. Sofern beauftragte externe Dienstleister zu diesen Zwecken personenbezogene Daten erhalten, stellen wir sicher, dass geeignete technische und organisatorische Ma\u00dfnahmen so durchgef\u00fchrt und notwendige Vereinbarungen abgeschlossen werden, dass die Verarbeitung im Einklang mit der den g\u00fcltigen datenschutzrechtlichen Regelungen erfolgt und den Schutz der Rechte der betroffenen Person gew\u00e4hrleistet. <\/p>\n\n<p>Wir geben personenbezogene Daten gegebenenfalls weiter an:<\/p>\n\n<ul class=\"wp-block-list\">\n<li>Externe Dienstleister (IT-Dienstleister, Dienstleister zur Lohn- und Gehaltsabrechnung)<\/li>\n\n\n\n<li>Gesch\u00e4ftspartner, bei denen die Daten\u00fcbermittlung zur Aufgabenerf\u00fcllung und\/oder Erbringung unserer Leistungen erforderlich ist (wie z.B. Zahlungsdienstleister\/Bankinstitute, Post-\/Paket-Dienste, Veranstaltungspartner)<\/li>\n\n\n\n<li>Inkassounternehmen, um Forderungen einzuziehen<\/li>\n\n\n\n<li>Beh\u00f6rden und Unternehmen im Rahmen von Aktualisierungen oder zur Erf\u00fcllung gesetzlicher Mitteilungspflichten (z.B. Sozialversicherungstr\u00e4ger, Finanzbeh\u00f6rden, Polizei und Staatsanwaltschaft, Aufsichtsbeh\u00f6rden, Stra\u00dfenverkehrs\u00e4mter)<\/li>\n\n\n\n<li>Sonstige Dritte, f\u00fcr die die betroffenen Personen eine Einwilligung zur Daten\u00fcbermittlung erteilt haben oder eine rechtliche Befugnis zur Daten\u00fcbermittlung besteht (z.B. Rechtsanwaltschaft, Insolvenzverwalter\/in)<\/li>\n<\/ul>\n\n<p>F\u00fcr den Bereich der Besch\u00e4ftigten- Daten erg\u00e4nzend z.B. auch:<\/p>\n\n<ul class=\"wp-block-list\">\n<li>Berufsgenossenschaft<\/li>\n\n\n\n<li>Zust\u00e4ndige Kammern (IHK)<\/li>\n\n\n\n<li>Kooperationspartner in der Ausbildung<\/li>\n\n\n\n<li>Arbeitsmedizinischer Dienst<\/li>\n\n\n\n<li>Weiterbildungs-\/ Fortbildungseinrichtungen<\/li>\n<\/ul>\n\n<p><strong>8. Absicht \u00dcbermittlung an ein Drittland oder an eine internationale Organisation<\/strong><br\/>Beim Einsatz von Dienstleistern und der Weitergabe von Daten mit Ihrer Einwilligung (= Zustimmung) an Dritte k\u00f6nnen personenbezogene Daten an Empf\u00e4nger in L\u00e4ndern au\u00dferhalb der Europ\u00e4ischen Union (\u201eEU\u201c), Islands, Liechtensteins und Norwegens (= Europ\u00e4ischer Wirtschaftsraum) \u00fcbertragen und dort verarbeitet werden. Dies betrifft insbesondere die USA. In den folgenden L\u00e4ndern besteht aus der Sicht der EU ein den EU-Standards entsprechendes angemessenes Schutzniveau f\u00fcr die Verarbeitung personenbezogener Daten (sog. Angemessenheitsbeschluss): Andorra, Argentinien, Kanada (eingeschr\u00e4nkt), F\u00e4r\u00f6er-Inseln, Guernsey, Israel, Isle of Man, Japan, Jersey, Neuseeland, Schweiz, Uruguay. Mit Empf\u00e4ngern in anderen L\u00e4ndern vereinbaren wir die Anwendung von EU-Standardvertragsklauseln, von verbindlichen Unternehmensregelungen oder andere zul\u00e4ssige Mechanismen, um entsprechend den gesetzlichen Anforderungen ein \u201eangemessenes Schutzniveau\u201c zu schaffen. Weiterf\u00fchrende Informationen hierzu stellen wir Ihnen gerne \u00fcber die vorbezeichneten Kontaktm\u00f6glichkeiten auf erste Anfrage zur Verf\u00fcgung.   <\/p>\n\n<p><strong>9. Dauer der Speicherung bzw. Kriterien f\u00fcr die Festlegung der Dauer<\/strong><br\/>Die personenbezogenen Daten werden nur so lange gespeichert, wie dies auf Grund der geltenden Rechtgrundlage zul\u00e4ssig ist. Insbesondere so lang es erforderlich ist, um die Vertragszwecke, f\u00fcr die die personenbezogenen Daten erhoben wurden, zu erf\u00fcllen, solange deren weitere Aufbewahrung zur Erf\u00fcllung von Aufbewahrungspflichten oder aus \u00fcberwiegendem berechtigten Interesse erforderlich ist oder bis die betroffene Person ihre Einwilligung, auf welche die Verarbeitung gest\u00fctzt wurde, widerruft. <\/p>\n\n<p><strong>10. Rechte der Betroffenen<\/strong><br\/>Bei der Erhebung Ihrer personenbezogenen Daten stehen Ihnen folgende Rechte zu:<\/p>\n\n<ul class=\"wp-block-list\">\n<li><strong>Recht auf Auskunft, Art. 15 DS-GVO:<\/strong> Die betroffene Person hat nach Art. 15 Abs. 1 DS-GVO das Recht, eine Best\u00e4tigung dar\u00fcber zu verlangen, ob betreffende personenbezogene Daten \u00fcber sie verarbeitet werden. Ist dies der Fall, hat sie ferner ein Recht auf Auskunft \u00fcber diese personenbezogenen Daten und auf die weiteren Informationen gem\u00e4\u00df Art. 15 Abs. 1 Buchst. a bis h DS-GVO.  <\/li>\n\n\n\n<li><strong>Recht auf Berichtigung, Art. 16 DS-GVO: <\/strong>Sollten die personenbezogenen Daten unrichtig oder unter Ber\u00fccksichtigung der Verarbeitungszwecke unvollst\u00e4ndig sein, besteht nach Art. 16 DS-GVO das Recht, eine Berichtigung bzw. eine Vervollst\u00e4ndigung der personenbezogenen Daten zu verlangen.<\/li>\n\n\n\n<li><strong>Recht auf L\u00f6schung, Art. 17 DS-GVO: <\/strong>Nach Art. 17 Abs. 1 DS-GVO besteht das Recht, eine L\u00f6schung personenbezogener Daten zu verlangen, wenn die Verarbeitung personenbezogener Daten aus einem der in dieser Vorschrift genannten Gr\u00fcnde unzul\u00e4ssig ist. Eine L\u00f6schung kann jedoch nicht verlangt werden, wenn die weitere Verarbeitung in den F\u00e4llen des Art. 17 Abs. 3 DS-GVO erforderlich ist, z.B. zur Erf\u00fcllung von rechtlichen Verpflichtungen. <\/li>\n\n\n\n<li><strong>Recht auf Einschr\u00e4nkung der Verarbeitung, Art. 18 DS-GVO<\/strong>: Unter den Voraussetzungen des Art. 18 Abs. 1 Buchst. a bis d DS-GVO hat die betroffene Person die M\u00f6glichkeit, die Einschr\u00e4nkung der Verarbeitung (Sperrung) zu verlangen. <\/li>\n\n\n\n<li><strong>Ein Recht auf Daten\u00fcbertragbarkeit nach Art. 20 DS-GVO:<\/strong> die betroffenen Personen haben das Recht, ihre personenbezogenen Daten, die sie selbst der Craftview Software GmbH bereitgestellt haben und die durch die Craftview Software GmbH aufgrund einer Einwilligung oder eines Vertrages automatisiert verarbeitet werden, in einem g\u00e4ngigen maschinenlesbaren Format zu erhalten. Dieses Recht steht u.a. unter dem Vorbehalt des technisch machbaren. <\/li>\n\n\n\n<li><strong>Recht auf Widerspruch, Art. 21 DS-GVO:<\/strong> die betroffenen Personen haben das Recht, gegen die Verarbeitung ihrer personenbezogenen Daten, die auf Basis einer Interessensabw\u00e4gung verarbeitet werden (Art. 6 Abs. 1 Buchst. f DS-GVO) unter Ber\u00fccksichtigung der Vorgaben von Art. 21 DS-GVO zu widersprechen.<br\/>Richtet sich der Widerspruch gegen Direktwerbung findet eine Datenverarbeitung dann insofern nicht mehr statt. In anderen F\u00e4llen darf eine Verarbeitung trotz Widerspruch nur dann weiter erfolgen, sofern zwingende schutzw\u00fcrdige Gr\u00fcnde f\u00fcr die Verarbeitung die Interessen, Rechte und Freiheiten der betroffenen Person \u00fcberwiegen oder die Verarbeitung der Geltendmachung, Aus\u00fcbung oder Verteidigung von Rechtsanspr\u00fcchen dient.   <\/li>\n<\/ul>\n\n<p><strong>11. Widerrufsrecht bei Einwilligung<\/strong><br\/>Dar\u00fcber hinaus kann eine erteilte Einwilligung jederzeit und ohne Angabe von Gr\u00fcnden mit Wirkung f\u00fcr die Zukunft abge\u00e4ndert oder g\u00e4nzlich widerrufen werden. Durch den Widerruf wird die Rechtm\u00e4\u00dfigkeit der aufgrund Ihrer Einwilligung bis zu einem etwaigen Widerruf erfolgten Verarbeitung Ihrer Daten nicht ber\u00fchrt.<br\/>Sie k\u00f6nnen den Widerruf entweder postalisch Mainzer Landstr.178-190, D-60327 Frankfurt a. Main Deutschland oder per E-Mail (<a>info@craftview.de<\/a>) an die Craftview Software GmbH \u00fcbermitteln. Hierbei entstehen Ihnen keine weiteren Kosten au\u00dferhalb der Basistarife.   <\/p>\n\n<p><strong>12. Beschwerderecht bei der Aufsichtsbeh\u00f6rde<\/strong><br\/>Sie haben das Recht, bei einer Aufsichtsbeh\u00f6rde f\u00fcr Datenschutz Beschwerde einzulegen. Die Kontaktdaten der f\u00fcr uns zust\u00e4ndigen Aufsichtsbeh\u00f6rde finden Sie unter Punkt 3 dieses Bogens. <\/p>\n\n<p><strong>13. Pflicht zur Bereitstellung von personenbezogenen Daten<\/strong><br\/>Eine Pflicht zur Bereitstellung von bestimmten personenbezogenen Daten ergibt sich aus den geschlossenen oder abzuschlie\u00dfenden Vertr\u00e4gen soweit die Vertragsdurchf\u00fchrung nicht ohne die Bereitstellung der Daten erfolgen kann. Des Weiteren k\u00f6nnen gesetzliche Pflichten zu beachten sein, die uns zur Erhebung \/ Verarbeitung bestimmter Daten verpflichten.<br\/>Bei Daten, die anl\u00e4sslich eines Vertrages ben\u00f6tig werden, kann bei fehlenden Angaben der Vertrag nicht abgeschlossen werden.<br\/>Sind Daten aufgrund von gesetzlichen Pflichten bereitzustellen, kann ohne die Bereitstellung die damit verbundene Leistung nicht erbracht werden. <\/p>\n\n<p>Im Rahmen Ihrer Bewerbung m\u00fcssen Sie diejenigen personenbezogenen Daten bereitstellen, die f\u00fcr die Durchf\u00fchrung des Bewerbungsverfahrens und die Eignungsbeurteilung erforderlich sind. Ohne diese Daten werden wir nicht in der Lage sein, das Bewerbungsverfahren durchzuf\u00fchren und eine Entscheidung \u00fcber die Begr\u00fcndung eines Besch\u00e4ftigungsverh\u00e4ltnisses zu treffen. <\/p>\n\n<p><strong>14. Automatisierte Entscheidungsfindung oder Profiling<\/strong><br\/>Eine automatisierte Entscheidungsfindung im Einzelfall einschlie\u00dflich Profiling gem\u00e4\u00df Art. 22 DS-GVO findet bei der Craftview Software GmbH nicht statt.<\/p>\n\n<p><\/p>\n","protected":false},"excerpt":{"rendered":"<p>I. Allgemeines Der Schutz von personenbezogenen Daten hat f\u00fcr die Craftview Software GmbH einen besonderen Stellenwert. Daher verarbeitet die Craftview Software GmbH personenbezogene Daten nur im Einklang mit den geltenden rechtlichen Bestimmungen und stellt technisch und organisatorisch die Einhaltung der Datenschutzvorschriften sicher.Die folgenden Informationen geben einen \u00dcberblick \u00fcber den Umgang mit Daten und die Rechte [&hellip;]<\/p>\n","protected":false},"author":1,"featured_media":0,"parent":0,"menu_order":0,"comment_status":"closed","ping_status":"closed","template":"","meta":{"_acf_changed":false,"footnotes":""},"class_list":["post-1279","page","type-page","status-publish",""],"acf":[],"yoast_head":"<!-- This site is optimized with the Yoast SEO plugin v26.7 - https:\/\/yoast.com\/wordpress\/plugins\/seo\/ -->\n<title>Zus\u00e4tzliche Datenschutzhinweise - Craftview<\/title>\n<meta name=\"robots\" content=\"index, follow, max-snippet:-1, max-image-preview:large, max-video-preview:-1\" \/>\n<link rel=\"canonical\" href=\"https:\/\/www.craftview.de\/de\/zusaetzliche-datenschutzhinweise\/\" \/>\n<meta property=\"og:locale\" content=\"de_DE\" \/>\n<meta property=\"og:type\" content=\"article\" \/>\n<meta property=\"og:title\" content=\"Zus\u00e4tzliche Datenschutzhinweise - Craftview\" \/>\n<meta property=\"og:description\" content=\"I. Allgemeines Der Schutz von personenbezogenen Daten hat f\u00fcr die Craftview Software GmbH einen besonderen Stellenwert. Daher verarbeitet die Craftview Software GmbH personenbezogene Daten nur im Einklang mit den geltenden rechtlichen Bestimmungen und stellt technisch und organisatorisch die Einhaltung der Datenschutzvorschriften sicher.Die folgenden Informationen geben einen \u00dcberblick \u00fcber den Umgang mit Daten und die Rechte [&hellip;]\" \/>\n<meta property=\"og:url\" content=\"https:\/\/www.craftview.de\/de\/zusaetzliche-datenschutzhinweise\/\" \/>\n<meta property=\"og:site_name\" content=\"Craftview\" \/>\n<meta property=\"article:modified_time\" content=\"2025-09-15T07:27:52+00:00\" \/>\n<meta name=\"twitter:card\" content=\"summary_large_image\" \/>\n<meta name=\"twitter:label1\" content=\"Gesch\u00e4tzte Lesezeit\" \/>\n\t<meta name=\"twitter:data1\" content=\"8\u00a0Minuten\" \/>\n<script type=\"application\/ld+json\" class=\"yoast-schema-graph\">{\"@context\":\"https:\/\/schema.org\",\"@graph\":[{\"@type\":\"WebPage\",\"@id\":\"https:\/\/www.craftview.de\/de\/zusaetzliche-datenschutzhinweise\/\",\"url\":\"https:\/\/www.craftview.de\/de\/zusaetzliche-datenschutzhinweise\/\",\"name\":\"Zus\u00e4tzliche Datenschutzhinweise - Craftview\",\"isPartOf\":{\"@id\":\"https:\/\/www.craftview.de\/nl\/#website\"},\"datePublished\":\"2025-08-08T10:17:03+00:00\",\"dateModified\":\"2025-09-15T07:27:52+00:00\",\"breadcrumb\":{\"@id\":\"https:\/\/www.craftview.de\/de\/zusaetzliche-datenschutzhinweise\/#breadcrumb\"},\"inLanguage\":\"de\",\"potentialAction\":[{\"@type\":\"ReadAction\",\"target\":[\"https:\/\/www.craftview.de\/de\/zusaetzliche-datenschutzhinweise\/\"]}]},{\"@type\":\"BreadcrumbList\",\"@id\":\"https:\/\/www.craftview.de\/de\/zusaetzliche-datenschutzhinweise\/#breadcrumb\",\"itemListElement\":[{\"@type\":\"ListItem\",\"position\":1,\"name\":\"Home\",\"item\":\"https:\/\/www.craftview.de\/de\/\"},{\"@type\":\"ListItem\",\"position\":2,\"name\":\"Zus\u00e4tzliche Datenschutzhinweise\"}]},{\"@type\":\"WebSite\",\"@id\":\"https:\/\/www.craftview.de\/nl\/#website\",\"url\":\"https:\/\/www.craftview.de\/nl\/\",\"name\":\"Craftview\",\"description\":\"\",\"potentialAction\":[{\"@type\":\"SearchAction\",\"target\":{\"@type\":\"EntryPoint\",\"urlTemplate\":\"https:\/\/www.craftview.de\/nl\/?s={search_term_string}\"},\"query-input\":{\"@type\":\"PropertyValueSpecification\",\"valueRequired\":true,\"valueName\":\"search_term_string\"}}],\"inLanguage\":\"de\"}]}<\/script>\n<!-- \/ Yoast SEO plugin. -->","yoast_head_json":{"title":"Zus\u00e4tzliche Datenschutzhinweise - Craftview","robots":{"index":"index","follow":"follow","max-snippet":"max-snippet:-1","max-image-preview":"max-image-preview:large","max-video-preview":"max-video-preview:-1"},"canonical":"https:\/\/www.craftview.de\/de\/zusaetzliche-datenschutzhinweise\/","og_locale":"de_DE","og_type":"article","og_title":"Zus\u00e4tzliche Datenschutzhinweise - Craftview","og_description":"I. Allgemeines Der Schutz von personenbezogenen Daten hat f\u00fcr die Craftview Software GmbH einen besonderen Stellenwert. Daher verarbeitet die Craftview Software GmbH personenbezogene Daten nur im Einklang mit den geltenden rechtlichen Bestimmungen und stellt technisch und organisatorisch die Einhaltung der Datenschutzvorschriften sicher.Die folgenden Informationen geben einen \u00dcberblick \u00fcber den Umgang mit Daten und die Rechte [&hellip;]","og_url":"https:\/\/www.craftview.de\/de\/zusaetzliche-datenschutzhinweise\/","og_site_name":"Craftview","article_modified_time":"2025-09-15T07:27:52+00:00","twitter_card":"summary_large_image","twitter_misc":{"Gesch\u00e4tzte Lesezeit":"8\u00a0Minuten"},"schema":{"@context":"https:\/\/schema.org","@graph":[{"@type":"WebPage","@id":"https:\/\/www.craftview.de\/de\/zusaetzliche-datenschutzhinweise\/","url":"https:\/\/www.craftview.de\/de\/zusaetzliche-datenschutzhinweise\/","name":"Zus\u00e4tzliche Datenschutzhinweise - Craftview","isPartOf":{"@id":"https:\/\/www.craftview.de\/nl\/#website"},"datePublished":"2025-08-08T10:17:03+00:00","dateModified":"2025-09-15T07:27:52+00:00","breadcrumb":{"@id":"https:\/\/www.craftview.de\/de\/zusaetzliche-datenschutzhinweise\/#breadcrumb"},"inLanguage":"de","potentialAction":[{"@type":"ReadAction","target":["https:\/\/www.craftview.de\/de\/zusaetzliche-datenschutzhinweise\/"]}]},{"@type":"BreadcrumbList","@id":"https:\/\/www.craftview.de\/de\/zusaetzliche-datenschutzhinweise\/#breadcrumb","itemListElement":[{"@type":"ListItem","position":1,"name":"Home","item":"https:\/\/www.craftview.de\/de\/"},{"@type":"ListItem","position":2,"name":"Zus\u00e4tzliche Datenschutzhinweise"}]},{"@type":"WebSite","@id":"https:\/\/www.craftview.de\/nl\/#website","url":"https:\/\/www.craftview.de\/nl\/","name":"Craftview","description":"","potentialAction":[{"@type":"SearchAction","target":{"@type":"EntryPoint","urlTemplate":"https:\/\/www.craftview.de\/nl\/?s={search_term_string}"},"query-input":{"@type":"PropertyValueSpecification","valueRequired":true,"valueName":"search_term_string"}}],"inLanguage":"de"}]}},"_links":{"self":[{"href":"https:\/\/www.craftview.de\/de\/wp-json\/wp\/v2\/pages\/1279","targetHints":{"allow":["GET"]}}],"collection":[{"href":"https:\/\/www.craftview.de\/de\/wp-json\/wp\/v2\/pages"}],"about":[{"href":"https:\/\/www.craftview.de\/de\/wp-json\/wp\/v2\/types\/page"}],"author":[{"embeddable":true,"href":"https:\/\/www.craftview.de\/de\/wp-json\/wp\/v2\/users\/1"}],"replies":[{"embeddable":true,"href":"https:\/\/www.craftview.de\/de\/wp-json\/wp\/v2\/comments?post=1279"}],"version-history":[{"count":5,"href":"https:\/\/www.craftview.de\/de\/wp-json\/wp\/v2\/pages\/1279\/revisions"}],"predecessor-version":[{"id":1423,"href":"https:\/\/www.craftview.de\/de\/wp-json\/wp\/v2\/pages\/1279\/revisions\/1423"}],"wp:attachment":[{"href":"https:\/\/www.craftview.de\/de\/wp-json\/wp\/v2\/media?parent=1279"}],"curies":[{"name":"wp","href":"https:\/\/api.w.org\/{rel}","templated":true}]}}